{"id":1722,"date":"2023-04-07T11:02:23","date_gmt":"2023-04-07T09:02:23","guid":{"rendered":"https:\/\/www.farmaciadamico.it\/?page_id=1722"},"modified":"2023-04-07T11:30:56","modified_gmt":"2023-04-07T09:30:56","slug":"news","status":"publish","type":"page","link":"https:\/\/www.farmaciadamico.it\/index.php\/news\/","title":{"rendered":"News"},"content":{"rendered":"\t\t<div data-elementor-type=\"wp-page\" data-elementor-id=\"1722\" class=\"elementor elementor-1722\">\n\t\t\t\t\t\t<section class=\"elementor-section elementor-top-section elementor-element elementor-element-dfd90c1 elementor-section-boxed elementor-section-height-default elementor-section-height-default\" data-id=\"dfd90c1\" data-element_type=\"section\" data-settings=\"{&quot;background_background&quot;:&quot;classic&quot;}\">\n\t\t\t\t\t\t\t<div class=\"elementor-background-overlay\"><\/div>\n\t\t\t\t\t\t\t<div class=\"elementor-container elementor-column-gap-default\">\n\t\t\t\t\t<div class=\"elementor-column elementor-col-100 elementor-top-column elementor-element elementor-element-7b9effe\" data-id=\"7b9effe\" data-element_type=\"column\">\n\t\t\t<div class=\"elementor-widget-wrap elementor-element-populated\">\n\t\t\t\t\t\t<div class=\"elementor-element elementor-element-3d7bdb3 elementor-widget elementor-widget-heading\" data-id=\"3d7bdb3\" data-element_type=\"widget\" data-widget_type=\"heading.default\">\n\t\t\t\t<div class=\"elementor-widget-container\">\n\t\t\t\t\t<h2 class=\"elementor-heading-title elementor-size-default\">News\/Offerte<\/h2>\t\t\t\t<\/div>\n\t\t\t\t<\/div>\n\t\t\t\t<div class=\"elementor-element elementor-element-152c62a elementor-icon-list--layout-inline elementor-align-center elementor-list-item-link-full_width elementor-widget elementor-widget-icon-list\" data-id=\"152c62a\" data-element_type=\"widget\" data-widget_type=\"icon-list.default\">\n\t\t\t\t<div class=\"elementor-widget-container\">\n\t\t\t\t\t\t\t<ul class=\"elementor-icon-list-items elementor-inline-items\">\n\t\t\t\t\t\t\t<li class=\"elementor-icon-list-item elementor-inline-item\">\n\t\t\t\t\t\t\t\t\t\t\t<a href=\"https:\/\/www.farmaciadamico.it\/\">\n\n\t\t\t\t\t\t\t\t\t\t\t<span class=\"elementor-icon-list-text\">Home<\/span>\n\t\t\t\t\t\t\t\t\t\t\t<\/a>\n\t\t\t\t\t\t\t\t\t<\/li>\n\t\t\t\t\t\t\t\t<li class=\"elementor-icon-list-item elementor-inline-item\">\n\t\t\t\t\t\t\t\t\t\t\t<span class=\"elementor-icon-list-icon\">\n\t\t\t\t\t\t\t<i aria-hidden=\"true\" class=\"fas fa-chevron-right\"><\/i>\t\t\t\t\t\t<\/span>\n\t\t\t\t\t\t\t\t\t\t<span class=\"elementor-icon-list-text\">News\/Offerte<\/span>\n\t\t\t\t\t\t\t\t\t<\/li>\n\t\t\t\t\t\t<\/ul>\n\t\t\t\t\t\t<\/div>\n\t\t\t\t<\/div>\n\t\t\t\t\t<\/div>\n\t\t<\/div>\n\t\t\t\t\t<\/div>\n\t\t<\/section>\n\t\t\t\t<section class=\"elementor-section elementor-top-section elementor-element elementor-element-265be148 elementor-section-boxed elementor-section-height-default elementor-section-height-default\" data-id=\"265be148\" data-element_type=\"section\" data-settings=\"{&quot;background_background&quot;:&quot;classic&quot;}\">\n\t\t\t\t\t\t<div class=\"elementor-container elementor-column-gap-default\">\n\t\t\t\t\t<div class=\"elementor-column elementor-col-50 elementor-top-column elementor-element elementor-element-67c40245\" data-id=\"67c40245\" data-element_type=\"column\">\n\t\t\t<div class=\"elementor-widget-wrap elementor-element-populated\">\n\t\t\t\t\t\t<div class=\"elementor-element elementor-element-1f45f715 elementor-widget elementor-widget-jkit_post_block\" data-id=\"1f45f715\" data-element_type=\"widget\" data-widget_type=\"jkit_post_block.default\">\n\t\t\t\t<div class=\"elementor-widget-container\">\n\t\t\t\t\t<div  class=\"jeg-elementor-kit jkit-postblock postblock-type-2 jkit-pagination-loadmore post-element jeg_module___6a007ad41ec9f\"  data-id=\"jeg_module___6a007ad41ec9f\" data-settings=\"{&quot;post_type&quot;:&quot;post&quot;,&quot;number_post&quot;:{&quot;unit&quot;:&quot;px&quot;,&quot;size&quot;:3,&quot;sizes&quot;:[]},&quot;post_offset&quot;:0,&quot;unique_content&quot;:&quot;disable&quot;,&quot;include_post&quot;:&quot;&quot;,&quot;exclude_post&quot;:&quot;&quot;,&quot;include_category&quot;:&quot;&quot;,&quot;exclude_category&quot;:&quot;&quot;,&quot;include_author&quot;:&quot;&quot;,&quot;include_tag&quot;:&quot;&quot;,&quot;exclude_tag&quot;:&quot;&quot;,&quot;sort_by&quot;:&quot;latest&quot;,&quot;pagination_mode&quot;:&quot;loadmore&quot;,&quot;pagination_loadmore_text&quot;:&quot;Leggi altro&quot;,&quot;pagination_loading_text&quot;:&quot;Caricamento...&quot;,&quot;pagination_number_post&quot;:{&quot;unit&quot;:&quot;px&quot;,&quot;size&quot;:3,&quot;sizes&quot;:[]},&quot;pagination_scroll_limit&quot;:0,&quot;pagination_icon&quot;:{&quot;value&quot;:&quot;&quot;,&quot;library&quot;:&quot;&quot;},&quot;pagination_icon_position&quot;:&quot;before&quot;,&quot;st_category_position&quot;:&quot;center&quot;,&quot;sg_content_postblock_type&quot;:&quot;type-2&quot;,&quot;sg_content_element_order&quot;:&quot;title,read,excerpt,meta&quot;,&quot;sg_content_breakpoint&quot;:&quot;tablet&quot;,&quot;sg_content_title_html_tag&quot;:&quot;h3&quot;,&quot;sg_content_category_enable&quot;:&quot;&quot;,&quot;sg_content_excerpt_enable&quot;:&quot;yes&quot;,&quot;sg_content_excerpt_length&quot;:{&quot;unit&quot;:&quot;px&quot;,&quot;size&quot;:35,&quot;sizes&quot;:[]},&quot;sg_content_excerpt_more&quot;:&quot;...&quot;,&quot;sg_content_readmore_enable&quot;:&quot;yes&quot;,&quot;sg_content_readmore_icon&quot;:{&quot;value&quot;:&quot;fas fa-arrow-right&quot;,&quot;library&quot;:&quot;fa-solid&quot;},&quot;sg_content_readmore_icon_position&quot;:&quot;after&quot;,&quot;sg_content_readmore_text&quot;:&quot;Leggi tutto&quot;,&quot;sg_content_comment_enable&quot;:&quot;&quot;,&quot;sg_content_comment_icon&quot;:{&quot;value&quot;:&quot;fas fa-comment&quot;,&quot;library&quot;:&quot;fa-solid&quot;},&quot;sg_content_comment_icon_position&quot;:&quot;before&quot;,&quot;sg_content_meta_enable&quot;:&quot;&quot;,&quot;sg_content_meta_author_enable&quot;:&quot;&quot;,&quot;sg_content_meta_author_by_text&quot;:&quot;by&quot;,&quot;sg_content_meta_author_icon&quot;:{&quot;value&quot;:&quot;fas fa-user&quot;,&quot;library&quot;:&quot;fa-solid&quot;},&quot;sg_content_meta_author_icon_position&quot;:&quot;before&quot;,&quot;sg_content_meta_date_enable&quot;:&quot;yes&quot;,&quot;sg_content_meta_date_type&quot;:&quot;published&quot;,&quot;sg_content_meta_date_format&quot;:&quot;default&quot;,&quot;sg_content_meta_date_format_custom&quot;:&quot;F j, Y&quot;,&quot;sg_content_meta_date_icon&quot;:{&quot;value&quot;:&quot;fas fa-clock&quot;,&quot;library&quot;:&quot;fa-solid&quot;},&quot;sg_content_meta_date_icon_position&quot;:&quot;before&quot;,&quot;sg_content_image_size_imagesize_size&quot;:&quot;full&quot;,&quot;paged&quot;:1,&quot;class&quot;:&quot;jkit_post_block&quot;}\"><div class=\"jkit-block-container\"><div class=\"jkit-posts jkit-ajax-flag\">\n            <article class=\"jkit-post post-2030 post type-post status-publish format-standard has-post-thumbnail hentry category-senza-categoria\">\n                    <div class=\"jkit-thumb\"><a aria-label=\"Arginina e Citrullina: due alleati nello sport e non solo\" href=\"https:\/\/www.farmaciadamico.it\/index.php\/2025\/05\/16\/arginina-e-citrullina-due-alleati-nello-sport-e-non-solo\/\"><div class=\"thumbnail-container \">\n            <img loading=\"lazy\" decoding=\"async\" width=\"1024\" height=\"683\" src=\"https:\/\/www.farmaciadamico.it\/wp-content\/uploads\/2025\/05\/arginina-e-citrullina.webp\" class=\"attachment-full size-full wp-post-image\" alt=\"\" loading=\"lazy\" srcset=\"https:\/\/www.farmaciadamico.it\/wp-content\/uploads\/2025\/05\/arginina-e-citrullina.webp 1024w, https:\/\/www.farmaciadamico.it\/wp-content\/uploads\/2025\/05\/arginina-e-citrullina-300x200.webp 300w, https:\/\/www.farmaciadamico.it\/wp-content\/uploads\/2025\/05\/arginina-e-citrullina-768x512.webp 768w\" sizes=\"auto, (max-width: 1024px) 100vw, 1024px\" \/>\n        <\/div><\/a><\/div>\n                    <div class=\"jkit-postblock-content\"><h3 class=\"jkit-post-title\">\n\t\t\t\t\t\t\t<a href=\"https:\/\/www.farmaciadamico.it\/index.php\/2025\/05\/16\/arginina-e-citrullina-due-alleati-nello-sport-e-non-solo\/\">Arginina e Citrullina: due alleati nello sport e non solo<\/a>\n\t\t\t\t\t\t<\/h3><div class=\"jkit-post-meta-bottom\">\n\t\t\t\t\t\t\t<div class=\"jkit-meta-readmore icon-position-after\">\n                <a title=\"Arginina e Citrullina: due alleati nello sport e non solo\" href=\"https:\/\/www.farmaciadamico.it\/index.php\/2025\/05\/16\/arginina-e-citrullina-due-alleati-nello-sport-e-non-solo\/\" class=\"jkit-readmore\">Leggi tutto<i aria-hidden=\"true\" class=\"fas fa-arrow-right\"><\/i><\/a>\n            <\/div>\n\t\t\t\t\t\t<\/div><div class=\"jkit-post-excerpt\"><p>L'arginina e la citrullina sono due amminoacidi di particolare interesse per il loro ruolo nella produzione di ossido nitrico che \u00e8 una molecola chiave per la regolazione della vasodilatazione, il miglioramento della circolazione e la...<\/p><\/div><\/div>\n                <\/article><article class=\"jkit-post post-1995 post type-post status-publish format-standard has-post-thumbnail hentry category-senza-categoria\">\n                    <div class=\"jkit-thumb\"><a aria-label=\"Alopecia areata: nuovo farmaco in grado di curarla\" href=\"https:\/\/www.farmaciadamico.it\/index.php\/2025\/04\/23\/alopecia-areata-nuovo-farmaco-in-grado-di-curarla\/\"><div class=\"thumbnail-container \">\n            <img loading=\"lazy\" decoding=\"async\" width=\"1280\" height=\"720\" src=\"https:\/\/www.farmaciadamico.it\/wp-content\/uploads\/2025\/04\/alopecia.jpg\" class=\"attachment-full size-full wp-post-image\" alt=\"\" loading=\"lazy\" srcset=\"https:\/\/www.farmaciadamico.it\/wp-content\/uploads\/2025\/04\/alopecia.jpg 1280w, https:\/\/www.farmaciadamico.it\/wp-content\/uploads\/2025\/04\/alopecia-300x169.jpg 300w, https:\/\/www.farmaciadamico.it\/wp-content\/uploads\/2025\/04\/alopecia-1024x576.jpg 1024w, https:\/\/www.farmaciadamico.it\/wp-content\/uploads\/2025\/04\/alopecia-768x432.jpg 768w\" sizes=\"auto, (max-width: 1280px) 100vw, 1280px\" \/>\n        <\/div><\/a><\/div>\n                    <div class=\"jkit-postblock-content\"><h3 class=\"jkit-post-title\">\n\t\t\t\t\t\t\t<a href=\"https:\/\/www.farmaciadamico.it\/index.php\/2025\/04\/23\/alopecia-areata-nuovo-farmaco-in-grado-di-curarla\/\">Alopecia areata: nuovo farmaco in grado di curarla<\/a>\n\t\t\t\t\t\t<\/h3><div class=\"jkit-post-meta-bottom\">\n\t\t\t\t\t\t\t<div class=\"jkit-meta-readmore icon-position-after\">\n                <a title=\"Alopecia areata: nuovo farmaco in grado di curarla\" href=\"https:\/\/www.farmaciadamico.it\/index.php\/2025\/04\/23\/alopecia-areata-nuovo-farmaco-in-grado-di-curarla\/\" class=\"jkit-readmore\">Leggi tutto<i aria-hidden=\"true\" class=\"fas fa-arrow-right\"><\/i><\/a>\n            <\/div>\n\t\t\t\t\t\t<\/div><div class=\"jkit-post-excerpt\"><p>L\u2019Alopecia Areata (AA) \u00e8 una patologia autoimmune imprevedibile e complessa che colpisce indipendentemente dall\u2019et\u00e0 o dal genere. In Italia circa 120.000 persone convivono con questa patologia che determina una perdita improvvisa dei capelli su una...<\/p><\/div><\/div>\n                <\/article><article class=\"jkit-post post-1914 post type-post status-publish format-standard has-post-thumbnail hentry category-senza-categoria\">\n                    <div class=\"jkit-thumb\"><a aria-label=\"Dolori muscolari: cause, sintomi e rimedi della mialgia\" href=\"https:\/\/www.farmaciadamico.it\/index.php\/2024\/01\/21\/dolori-muscolari-cause-sintomi-e-rimedi-della-mialgia\/\"><div class=\"thumbnail-container \">\n            <img loading=\"lazy\" decoding=\"async\" width=\"1080\" height=\"396\" src=\"https:\/\/www.farmaciadamico.it\/wp-content\/uploads\/2024\/01\/dolori-muscolari-copertinna_1080x.jpg\" class=\"attachment-full size-full wp-post-image\" alt=\"\" loading=\"lazy\" srcset=\"https:\/\/www.farmaciadamico.it\/wp-content\/uploads\/2024\/01\/dolori-muscolari-copertinna_1080x.jpg 1080w, https:\/\/www.farmaciadamico.it\/wp-content\/uploads\/2024\/01\/dolori-muscolari-copertinna_1080x-300x110.jpg 300w, https:\/\/www.farmaciadamico.it\/wp-content\/uploads\/2024\/01\/dolori-muscolari-copertinna_1080x-1024x375.jpg 1024w, https:\/\/www.farmaciadamico.it\/wp-content\/uploads\/2024\/01\/dolori-muscolari-copertinna_1080x-768x282.jpg 768w\" sizes=\"auto, (max-width: 1080px) 100vw, 1080px\" \/>\n        <\/div><\/a><\/div>\n                    <div class=\"jkit-postblock-content\"><h3 class=\"jkit-post-title\">\n\t\t\t\t\t\t\t<a href=\"https:\/\/www.farmaciadamico.it\/index.php\/2024\/01\/21\/dolori-muscolari-cause-sintomi-e-rimedi-della-mialgia\/\">Dolori muscolari: cause, sintomi e rimedi della mialgia<\/a>\n\t\t\t\t\t\t<\/h3><div class=\"jkit-post-meta-bottom\">\n\t\t\t\t\t\t\t<div class=\"jkit-meta-readmore icon-position-after\">\n                <a title=\"Dolori muscolari: cause, sintomi e rimedi della mialgia\" href=\"https:\/\/www.farmaciadamico.it\/index.php\/2024\/01\/21\/dolori-muscolari-cause-sintomi-e-rimedi-della-mialgia\/\" class=\"jkit-readmore\">Leggi tutto<i aria-hidden=\"true\" class=\"fas fa-arrow-right\"><\/i><\/a>\n            <\/div>\n\t\t\t\t\t\t<\/div><div class=\"jkit-post-excerpt\"><p>Home News\/Offerte Dolori muscolari: cause, sintomi e rimedi della mialgia IL NOSTRO CONSIGLIO IN BREVE Quando parliamo di dolori muscolari ci riferiamo alla sensazione dolorosa che coinvolge uno o pi\u00f9 muscoli, che appaiono dolenti e...<\/p><\/div><\/div>\n                <\/article>\n        <\/div><\/div><div class=\"jkit-block-pagination jkit-align\"><div class=\"jkit-pagination-button jkit-block-loadmore icon-position-before\"><a href=\"#\" data-load=\"Leggi altro\" data-loading=\"Caricamento...\">Leggi altro<\/a><\/div><\/div><\/div>\t\t\t\t<\/div>\n\t\t\t\t<\/div>\n\t\t\t\t\t<\/div>\n\t\t<\/div>\n\t\t\t\t<div class=\"elementor-column elementor-col-50 elementor-top-column elementor-element elementor-element-3cad6b45\" data-id=\"3cad6b45\" data-element_type=\"column\">\n\t\t\t<div class=\"elementor-widget-wrap elementor-element-populated\">\n\t\t\t\t\t\t<section class=\"elementor-section elementor-inner-section elementor-element elementor-element-e0b6e3c elementor-section-boxed elementor-section-height-default elementor-section-height-default\" data-id=\"e0b6e3c\" data-element_type=\"section\" data-settings=\"{&quot;background_background&quot;:&quot;classic&quot;}\">\n\t\t\t\t\t\t<div class=\"elementor-container elementor-column-gap-default\">\n\t\t\t\t\t<div class=\"elementor-column elementor-col-100 elementor-inner-column elementor-element elementor-element-e91e409\" data-id=\"e91e409\" data-element_type=\"column\">\n\t\t\t<div class=\"elementor-widget-wrap elementor-element-populated\">\n\t\t\t\t\t\t<div class=\"elementor-element elementor-element-3936f45 elementor-widget elementor-widget-heading\" data-id=\"3936f45\" data-element_type=\"widget\" data-widget_type=\"heading.default\">\n\t\t\t\t<div class=\"elementor-widget-container\">\n\t\t\t\t\t<h3 class=\"elementor-heading-title elementor-size-default\">Ultimi articoli<\/h3>\t\t\t\t<\/div>\n\t\t\t\t<\/div>\n\t\t\t\t<div class=\"elementor-element elementor-element-feaa8af elementor-widget elementor-widget-elementskit-post-list\" data-id=\"feaa8af\" data-element_type=\"widget\" data-widget_type=\"elementskit-post-list.default\">\n\t\t\t\t<div class=\"elementor-widget-container\">\n\t\t\t\t\t<div class=\"ekit-wid-con\" >\t\t<ul class=\"elementor-icon-list-items ekit-post-list-wrapper \">\n\t\t\t\t\t\t<li class=\"elementor-icon-list-item   \">\n\t\t\t\t<a href=\"https:\/\/www.farmaciadamico.it\/index.php\/2025\/05\/16\/arginina-e-citrullina-due-alleati-nello-sport-e-non-solo\/\" >\n\t\t\t\t\t<img fetchpriority=\"high\" decoding=\"async\" width=\"1024\" height=\"683\" src=\"https:\/\/www.farmaciadamico.it\/wp-content\/uploads\/2025\/05\/arginina-e-citrullina.webp\" class=\"attachment-full size-full wp-post-image\" alt=\"\" srcset=\"https:\/\/www.farmaciadamico.it\/wp-content\/uploads\/2025\/05\/arginina-e-citrullina.webp 1024w, https:\/\/www.farmaciadamico.it\/wp-content\/uploads\/2025\/05\/arginina-e-citrullina-300x200.webp 300w, https:\/\/www.farmaciadamico.it\/wp-content\/uploads\/2025\/05\/arginina-e-citrullina-768x512.webp 768w\" sizes=\"(max-width: 1024px) 100vw, 1024px\" \/>\t\t\t\t\t<div class=\"ekit_post_list_content_wraper\">\n\t\t\t\t\t\t\t\t\t\t\t\t\t\t\t\t\t\t<div class=\"meta-lists\">\n\t\t\t\t\t\t\t\t\t\t\t\t\t\t<span class=\"meta-date\">\n\n\t\t\t\t\t\t\t\t\n\t\t\t\t\t\t\t\t16 Mag 2025\t\t\t\t\t\t\t<\/span>\n\t\t\t\t\t\t\t\n\t\t\t\t\t\t\t\t\t\t\t\t\t<\/div>\n\t\t\t\t\t\t\n\t\t\t\t\t\t<span class=\"elementor-icon-list-text\">Arginina e Citrullina: due alleati nello sport e non solo<\/span>\n\n\t\t\t\t\t\t\t\t\t\t\t<\/div>\n\t\t\t\t<\/a>\n\t\t\t<\/li>\n\t\t\t\t\t<li class=\"elementor-icon-list-item   \">\n\t\t\t\t<a href=\"https:\/\/www.farmaciadamico.it\/index.php\/2025\/04\/23\/alopecia-areata-nuovo-farmaco-in-grado-di-curarla\/\" >\n\t\t\t\t\t<img decoding=\"async\" width=\"1280\" height=\"720\" src=\"https:\/\/www.farmaciadamico.it\/wp-content\/uploads\/2025\/04\/alopecia.jpg\" class=\"attachment-full size-full wp-post-image\" alt=\"\" srcset=\"https:\/\/www.farmaciadamico.it\/wp-content\/uploads\/2025\/04\/alopecia.jpg 1280w, https:\/\/www.farmaciadamico.it\/wp-content\/uploads\/2025\/04\/alopecia-300x169.jpg 300w, https:\/\/www.farmaciadamico.it\/wp-content\/uploads\/2025\/04\/alopecia-1024x576.jpg 1024w, https:\/\/www.farmaciadamico.it\/wp-content\/uploads\/2025\/04\/alopecia-768x432.jpg 768w\" sizes=\"(max-width: 1280px) 100vw, 1280px\" \/>\t\t\t\t\t<div class=\"ekit_post_list_content_wraper\">\n\t\t\t\t\t\t\t\t\t\t\t\t\t\t\t\t\t\t<div class=\"meta-lists\">\n\t\t\t\t\t\t\t\t\t\t\t\t\t\t<span class=\"meta-date\">\n\n\t\t\t\t\t\t\t\t\n\t\t\t\t\t\t\t\t23 Apr 2025\t\t\t\t\t\t\t<\/span>\n\t\t\t\t\t\t\t\n\t\t\t\t\t\t\t\t\t\t\t\t\t<\/div>\n\t\t\t\t\t\t\n\t\t\t\t\t\t<span class=\"elementor-icon-list-text\">Alopecia areata: nuovo farmaco in grado di curarla<\/span>\n\n\t\t\t\t\t\t\t\t\t\t\t<\/div>\n\t\t\t\t<\/a>\n\t\t\t<\/li>\n\t\t\t\t\t<li class=\"elementor-icon-list-item   \">\n\t\t\t\t<a href=\"https:\/\/www.farmaciadamico.it\/index.php\/2024\/01\/21\/dolori-muscolari-cause-sintomi-e-rimedi-della-mialgia\/\" >\n\t\t\t\t\t<img decoding=\"async\" width=\"1080\" height=\"396\" src=\"https:\/\/www.farmaciadamico.it\/wp-content\/uploads\/2024\/01\/dolori-muscolari-copertinna_1080x.jpg\" class=\"attachment-full size-full wp-post-image\" alt=\"\" srcset=\"https:\/\/www.farmaciadamico.it\/wp-content\/uploads\/2024\/01\/dolori-muscolari-copertinna_1080x.jpg 1080w, https:\/\/www.farmaciadamico.it\/wp-content\/uploads\/2024\/01\/dolori-muscolari-copertinna_1080x-300x110.jpg 300w, https:\/\/www.farmaciadamico.it\/wp-content\/uploads\/2024\/01\/dolori-muscolari-copertinna_1080x-1024x375.jpg 1024w, https:\/\/www.farmaciadamico.it\/wp-content\/uploads\/2024\/01\/dolori-muscolari-copertinna_1080x-768x282.jpg 768w\" sizes=\"(max-width: 1080px) 100vw, 1080px\" \/>\t\t\t\t\t<div class=\"ekit_post_list_content_wraper\">\n\t\t\t\t\t\t\t\t\t\t\t\t\t\t\t\t\t\t<div class=\"meta-lists\">\n\t\t\t\t\t\t\t\t\t\t\t\t\t\t<span class=\"meta-date\">\n\n\t\t\t\t\t\t\t\t\n\t\t\t\t\t\t\t\t21 Gen 2024\t\t\t\t\t\t\t<\/span>\n\t\t\t\t\t\t\t\n\t\t\t\t\t\t\t\t\t\t\t\t\t<\/div>\n\t\t\t\t\t\t\n\t\t\t\t\t\t<span class=\"elementor-icon-list-text\">Dolori muscolari: cause, sintomi e rimedi della mialgia<\/span>\n\n\t\t\t\t\t\t\t\t\t\t\t<\/div>\n\t\t\t\t<\/a>\n\t\t\t<\/li>\n\t\t\t\t<\/ul>\n\t\t<\/div>\t\t\t\t<\/div>\n\t\t\t\t<\/div>\n\t\t\t\t\t<\/div>\n\t\t<\/div>\n\t\t\t\t\t<\/div>\n\t\t<\/section>\n\t\t\t\t\t<\/div>\n\t\t<\/div>\n\t\t\t\t\t<\/div>\n\t\t<\/section>\n\t\t\t\t<section class=\"elementor-section elementor-top-section elementor-element elementor-element-afdc295 elementor-section-boxed elementor-section-height-default elementor-section-height-default\" data-id=\"afdc295\" data-element_type=\"section\">\n\t\t\t\t\t\t<div class=\"elementor-container elementor-column-gap-default\">\n\t\t\t\t\t<div class=\"elementor-column elementor-col-100 elementor-top-column elementor-element elementor-element-8f6276a\" data-id=\"8f6276a\" data-element_type=\"column\">\n\t\t\t<div class=\"elementor-widget-wrap elementor-element-populated\">\n\t\t\t\t\t\t<section class=\"elementor-section elementor-inner-section elementor-element elementor-element-e130e78 elementor-section-boxed elementor-section-height-default elementor-section-height-default\" data-id=\"e130e78\" data-element_type=\"section\">\n\t\t\t\t\t\t<div class=\"elementor-container elementor-column-gap-default\">\n\t\t\t\t\t<div class=\"elementor-column elementor-col-100 elementor-inner-column elementor-element elementor-element-1b604ae\" data-id=\"1b604ae\" data-element_type=\"column\">\n\t\t\t<div class=\"elementor-widget-wrap elementor-element-populated\">\n\t\t\t\t\t\t<div class=\"elementor-element elementor-element-e70c4c3 elementor-widget__width-auto ekit-equal-height-disable elementor-widget elementor-widget-elementskit-icon-box\" data-id=\"e70c4c3\" data-element_type=\"widget\" data-widget_type=\"elementskit-icon-box.default\">\n\t\t\t\t<div class=\"elementor-widget-container\">\n\t\t\t\t\t<div class=\"ekit-wid-con\" >        <!-- link opening -->\n                <!-- end link opening -->\n\n        <div class=\"elementskit-infobox text-left text-left icon-lef-right-aligin elementor-animation- media  \">\n                            <div class=\"elementskit-box-header\">\n                <div class=\"elementskit-info-box-icon text-center\">\n                    <img loading=\"lazy\" decoding=\"async\" width=\"300\" height=\"300\" src=\"https:\/\/www.farmaciadamico.it\/wp-content\/uploads\/2023\/04\/logofarmacisti.png\" class=\"attachment- size-\" alt=\"farmacisti_preparatori\" srcset=\"https:\/\/www.farmaciadamico.it\/wp-content\/uploads\/2023\/04\/logofarmacisti.png 300w, https:\/\/www.farmaciadamico.it\/wp-content\/uploads\/2023\/04\/logofarmacisti-150x150.png 150w, https:\/\/www.farmaciadamico.it\/wp-content\/uploads\/2023\/04\/elementor\/thumbs\/logofarmacisti-q4iic0gz799ky6dbjrxzwfhg4k1ynoaj74hgn6e380.png 200w\" sizes=\"(max-width: 300px) 100vw, 300px\" \/>                <\/div>\n          <\/div>\n                <div class=\"box-body\">\n                            <h3 class=\"elementskit-info-box-title\">\n                    Beauty, wellness e integratori                <\/h3>\n                        \t\t  \t<p>Grazie a <a href=\"https:\/\/www.farmacistipreparatori.it\/?id=C006329\" target=\"_blank\">farmacistipreparatori<\/a><br>\npuoi dedicarti alla cura e al benessere del tuo corpo.\n<\/p>\n                                        <div class=\"box-footer disable_hover_button\">\n                    <div class=\"btn-wraper\">\n                                                            <a class=\"elementskit-btn whitespace--normal elementor-animation-float\" href=\"https:\/\/www.farmacistipreparatori.it\/?id=C006329\">\n                                        Vai al sito                                    <\/a>\n                                                        <\/div>\n                <\/div>\n                    <\/div>\n        \n        \n                <\/div>\n        <\/div>\t\t\t\t<\/div>\n\t\t\t\t<\/div>\n\t\t\t\t\t<\/div>\n\t\t<\/div>\n\t\t\t\t\t<\/div>\n\t\t<\/section>\n\t\t\t\t\t<\/div>\n\t\t<\/div>\n\t\t\t\t\t<\/div>\n\t\t<\/section>\n\t\t\t\t<\/div>\n\t\t","protected":false},"excerpt":{"rendered":"<p>News\/Offerte Home News\/Offerte edit post L&#8217;attivit\u00e0 Fisica cura la depressione Leggi tutto Perch\u00e9 bisogna praticare sport? \u00c8 davvero in grado di curare la depressione? Lorem ipsum dolor sit amet, consectetur adipiscing elit. Vivamus vulputate, erat congue lobortis sagittis, lectus arcu faucibus erat, ut aliquam risus ligula mollis&#8230; Ultimi articoli 17 Mar 2023 L&#039;attivit\u00e0 Fisica cura [&hellip;]<\/p>\n","protected":false},"author":1,"featured_media":0,"parent":0,"menu_order":0,"comment_status":"closed","ping_status":"closed","template":"elementor_header_footer","meta":{"footnotes":""},"class_list":["post-1722","page","type-page","status-publish","hentry"],"_links":{"self":[{"href":"https:\/\/www.farmaciadamico.it\/index.php\/wp-json\/wp\/v2\/pages\/1722","targetHints":{"allow":["GET"]}}],"collection":[{"href":"https:\/\/www.farmaciadamico.it\/index.php\/wp-json\/wp\/v2\/pages"}],"about":[{"href":"https:\/\/www.farmaciadamico.it\/index.php\/wp-json\/wp\/v2\/types\/page"}],"author":[{"embeddable":true,"href":"https:\/\/www.farmaciadamico.it\/index.php\/wp-json\/wp\/v2\/users\/1"}],"replies":[{"embeddable":true,"href":"https:\/\/www.farmaciadamico.it\/index.php\/wp-json\/wp\/v2\/comments?post=1722"}],"version-history":[{"count":10,"href":"https:\/\/www.farmaciadamico.it\/index.php\/wp-json\/wp\/v2\/pages\/1722\/revisions"}],"predecessor-version":[{"id":1758,"href":"https:\/\/www.farmaciadamico.it\/index.php\/wp-json\/wp\/v2\/pages\/1722\/revisions\/1758"}],"wp:attachment":[{"href":"https:\/\/www.farmaciadamico.it\/index.php\/wp-json\/wp\/v2\/media?parent=1722"}],"curies":[{"name":"wp","href":"https:\/\/api.w.org\/{rel}","templated":true}]}}